{"id":19,"date":"2018-11-08T09:52:35","date_gmt":"2018-11-08T08:52:35","guid":{"rendered":"http:\/\/energetski-certifikat-split.com.hr\/?page_id=19"},"modified":"2024-01-08T13:18:35","modified_gmt":"2024-01-08T12:18:35","slug":"naslovna","status":"publish","type":"page","link":"https:\/\/energetski-certifikat-split.com.hr\/","title":{"rendered":"Naslovna"},"content":{"rendered":"<h1 style=\"text-align: center;\">Energetska obnova obiteljskih ku\u0107a<\/h1>\n<p>Fond za za\u0161titu okoli\u0161a i energetsku u\u010dinkovitost je objavio uvjete i kriterije za sufinanciranje energetske obnove obiteljskih ku\u0107a 2024. godine, za koju je planirani bud\u017eet 120 milijuna eura, a poziv se planira objaviti najkasnije do konca velja\u010de 2024.\u00a0 Detaljnije na linku<strong> <a href=\"https:\/\/www.fzoeu.hr\/hr\/energetska-obnova-obiteljskih-kuca-7679\/7679\" target=\"_blank\" rel=\"noopener\">[ SUFINANCIRANE AKTIVNOSTI ]<\/a><\/strong><\/p>\n<p>Uvjeti i kriteriji za energetsku obnovu obiteljskih ku\u0107a u PDF formatu <a href=\"https:\/\/energetski-certifikat-split.com.hr\/wp-content\/uploads\/2024\/01\/Uvjeti-i-kriteriji-Energetska-obnova-obiteljskih-kuca-2024.pdf\" target=\"_blank\" rel=\"noopener\"><strong>[ SKINI DOKUMENT ]<\/strong><\/a><\/p>\n<hr \/>\n<div class=\"kvgmc6g5 cxmmr5t8 oygrvhab hcukyx3x c1et5uql ii04i59q\">\n<h1 style=\"text-align: center;\">Aktualni poticaji za solarne elektrane<\/h1>\n<p>Fond za za\u0161titu okoli\u0161a i energetsku u\u010dinkovitost objavio je novi natje\u010daj za sufinanciranje solarnih elektrana. Poticaji su trenutno raspolo\u017eivi za ku\u0107anstva, poduzetnike u odre\u0111enim sektorima djelatnosti te poljoprivredna gospodarstva.<\/p>\n<h3><strong>SUBVENCIJE ZA FIZI\u010cKE OSOBE<\/strong><\/h3>\n<p><strong>Subvencije za ve\u0107 ugra\u0111ene elektrane<\/strong> \u2013 Javni poziv za poticanje ugradnje fotonaponskih elektrana u obiteljskim ku\u0107ama (EnU-4\/23)<br \/>\n<strong>Podno\u0161enje prijava<\/strong>: 15. studenog 2023. \u2013 31. prosinca 2023.<br \/>\n&#8211;Javni poziv za poticanje FN u OK EnU-4_23 &#8211; PDF <a href=\"https:\/\/energetski-certifikat-split.com.hr\/wp-content\/uploads\/2023\/11\/Javni-poziv-za-poticanje-FN-u-OK-EnU-4_23.pdf\" target=\"_blank\" rel=\"noopener\"><strong>[ SKINI DOKUMENT ]<\/strong><\/a> ili potra\u017eite na <a href=\"http:\/\/www.fzoeu.hr\" target=\"_blank\" rel=\"noopener\">www.fzoeu.hr<\/a>.<\/p>\n<p>&nbsp;<\/p>\n<\/div>\n<p style=\"text-align: center;\"><img loading=\"lazy\" decoding=\"async\" class=\"alignnone wp-image-58\" src=\"https:\/\/energetski-certifikat-split.com.hr\/wp-content\/uploads\/2023\/11\/pexels-kindel-media-9875418-1024x768.jpg\" alt=\"\" width=\"500\" height=\"375\" srcset=\"https:\/\/energetski-certifikat-split.com.hr\/wp-content\/uploads\/2023\/11\/pexels-kindel-media-9875418-1024x768.jpg 1024w, https:\/\/energetski-certifikat-split.com.hr\/wp-content\/uploads\/2023\/11\/pexels-kindel-media-9875418-300x225.jpg 300w, https:\/\/energetski-certifikat-split.com.hr\/wp-content\/uploads\/2023\/11\/pexels-kindel-media-9875418-768x576.jpg 768w, https:\/\/energetski-certifikat-split.com.hr\/wp-content\/uploads\/2023\/11\/pexels-kindel-media-9875418-1536x1152.jpg 1536w, https:\/\/energetski-certifikat-split.com.hr\/wp-content\/uploads\/2023\/11\/pexels-kindel-media-9875418-2048x1536.jpg 2048w\" sizes=\"(max-width: 500px) 100vw, 500px\" \/> <img loading=\"lazy\" decoding=\"async\" class=\"alignnone wp-image-59\" src=\"https:\/\/energetski-certifikat-split.com.hr\/wp-content\/uploads\/2023\/11\/mischa-frank-6M9OhcblUHM-unsplash-1024x684.jpg\" alt=\"\" width=\"562\" height=\"375\" srcset=\"https:\/\/energetski-certifikat-split.com.hr\/wp-content\/uploads\/2023\/11\/mischa-frank-6M9OhcblUHM-unsplash-1024x684.jpg 1024w, https:\/\/energetski-certifikat-split.com.hr\/wp-content\/uploads\/2023\/11\/mischa-frank-6M9OhcblUHM-unsplash-300x200.jpg 300w, https:\/\/energetski-certifikat-split.com.hr\/wp-content\/uploads\/2023\/11\/mischa-frank-6M9OhcblUHM-unsplash-768x513.jpg 768w, https:\/\/energetski-certifikat-split.com.hr\/wp-content\/uploads\/2023\/11\/mischa-frank-6M9OhcblUHM-unsplash-1536x1025.jpg 1536w, https:\/\/energetski-certifikat-split.com.hr\/wp-content\/uploads\/2023\/11\/mischa-frank-6M9OhcblUHM-unsplash-2048x1367.jpg 2048w\" sizes=\"(max-width: 562px) 100vw, 562px\" \/><\/p>\n<p>&nbsp;<\/p>\n<hr \/>\n<div class=\"kvgmc6g5 cxmmr5t8 oygrvhab hcukyx3x c1et5uql ii04i59q\">\n<h1 dir=\"auto\" style=\"text-align: center;\">Energetska obnova 2021.<\/h1>\n<div dir=\"auto\">Fasada, stolarija, krov, kotlovi, paneli!<\/div>\n<div dir=\"auto\">Energetska obnova obiteljskih ku\u0107a je program Vlade RH s ciljem pove\u0107anja energetske u\u010dinkovitosti obiteljskih ku\u0107a, a smanjenja potro\u0161nje energije i emisije CO2 u atmosferu. Ostvarite 60% poticaja za energetsku obnovu obiteljskih ku\u0107a u 2021. godini! Prijavite se na natje\u010daj!<\/div>\n<div dir=\"auto\"><\/div>\n<\/div>\n<div class=\"o9v6fnle cxmmr5t8 oygrvhab hcukyx3x c1et5uql ii04i59q\">\n<div dir=\"auto\"><strong>Energetska obnova obiteljskih ku\u0107a<\/strong><\/div>\n<\/div>\n<div class=\"o9v6fnle cxmmr5t8 oygrvhab hcukyx3x c1et5uql ii04i59q\">\n<div dir=\"auto\">Energetska obnova obiteljskih ku\u0107a 2021 kre\u0107e sredinom rujna! Fond za za\u0161titu okoli\u0161a i energetsku u\u010dinkovitost (FZOEU) najavio je osiguranih 400 milijuna kuna bespovratnih sredstava (od \u010dega 100 milijuna za obiteljske ku\u0107e o\u0161te\u0107ene u potresu) u svrhu pobolj\u0161anja energetske u\u010dinkovitosti obiteljskih ku\u0107a. Uvjeti ostaju manje-vi\u0161e isti kao pro\u0161le godine, a i prijave se nastavljaju online, po sistemu najbr\u017eeg prsta. Natje\u010daj se intenzivno priprema i u niskom je startu!<\/div>\n<\/div>\n<div class=\"o9v6fnle cxmmr5t8 oygrvhab hcukyx3x c1et5uql ii04i59q\">\n<div dir=\"auto\"><\/div>\n<blockquote>\n<div dir=\"auto\">Jeste li spremni na energetsku obnovu Va\u0161e obiteljske ku\u0107e? Pripremite se na vrijeme!<\/div>\n<\/blockquote>\n<div dir=\"auto\"><\/div>\n<\/div>\n<div class=\"o9v6fnle cxmmr5t8 oygrvhab hcukyx3x c1et5uql ii04i59q\">\n<div dir=\"auto\"><strong>Poticaji za energetsku obnovu obiteljskih ku\u0107a obuhva\u0107aju:<\/strong><\/div>\n<\/div>\n<div class=\"o9v6fnle cxmmr5t8 oygrvhab hcukyx3x c1et5uql ii04i59q\">\n<ol>\n<li dir=\"auto\">\u00a0Toplinsku za\u0161titu ovojnice grijanog prostora (vanjskog zida, stolarije, krova iznad grijanog prostora, stropa, ukopanih dijelova i poda)<\/li>\n<li dir=\"auto\"><span style=\"font-size: 1rem;\">\u00a0Zamjenu vanjske stolarije<\/span><\/li>\n<li dir=\"auto\"><span style=\"font-size: 1rem;\">\u00a0Ugradnju sustava za kori\u0161tenje obnovljivih izvora energije (sun\u010dani toplinski pretvara\u010di &#8211; kolektori (solarni paneli), sustavi na drvnu sje\u010dku\/pelete (kotlovi na biomasu), dizalice topline i foto-naponski pretvara\u010di\/paneli).<\/span><\/li>\n<\/ol>\n<\/div>\n<div class=\"o9v6fnle cxmmr5t8 oygrvhab hcukyx3x c1et5uql ii04i59q\">\n<div dir=\"auto\"><strong>Poticaji za energetsku obnovu obiteljskih ku\u0107a NE obuhva\u0107aju:<\/strong><\/div>\n<\/div>\n<div class=\"o9v6fnle cxmmr5t8 oygrvhab hcukyx3x c1et5uql ii04i59q\">\n<ol>\n<li dir=\"auto\">Ugradnju sustava za kori\u0161tenje obnovljivih izvora energije (prethodna to\u010dka 3.) ukoliko istovremeno nije prijavljena neka mjera iz to\u010dke 1. (Mogu\u0107e da u nadolaze\u0107em pozivu 2021. ovaj uvjet vi\u0161e ne\u0107e vrijediti.)<\/li>\n<li dir=\"auto\"><span style=\"font-size: 1rem;\">Sufinanciranje elaborata energetskim certifikatorima. Dakle, ovaj tro\u0161ak preuzimaju stranke koje se prijavljuju na javni poziv. (Izuzetak su ranjive skupine gra\u0111ana kojima \u0107e biti sufinancirano 100% iznosa izrade elaborata, do maksimalno 10.000 kn.)<\/span><\/li>\n<li dir=\"auto\"><span style=\"font-size: 1rem;\">Energetsku obnovu novih ku\u0107a koje su izgradnji, ili nedovr\u0161ene, tj. bez dokumenta o legalnosti objekta.<\/span><\/li>\n<li dir=\"auto\"><span style=\"font-size: 1rem;\">Energetsku obnovu potkrovlja, ukoliko direktno ispod krova ve\u0107 nije legalan i grijan stambeni prostor.<\/span><\/li>\n<\/ol>\n<\/div>\n<div class=\"o9v6fnle cxmmr5t8 oygrvhab hcukyx3x c1et5uql ii04i59q\">\n<div dir=\"auto\"><strong>Uvjeti za energetsku obnovu<\/strong><\/div>\n<\/div>\n<div class=\"o9v6fnle cxmmr5t8 oygrvhab hcukyx3x c1et5uql ii04i59q\">\n<div dir=\"auto\">Uvjeti za dobivanje poticaja za energetsku obnovu obiteljskih ku\u0107a su slijede\u0107i:<\/div>\n<\/div>\n<div class=\"o9v6fnle cxmmr5t8 oygrvhab hcukyx3x c1et5uql ii04i59q\">\n<ul>\n<li dir=\"auto\">Obiteljska ku\u0107a mora biti zakonito izgra\u0111ena, s pravomo\u0107nim dokumentima kojima se dokazuje legalnost<\/li>\n<li dir=\"auto\"><span style=\"font-size: 1rem;\">Vlasnik, ili barem jedan od suvlasnika obiteljske ku\u0107e mora imati prijavljeno prebivali\u0161te na toj adresi<\/span><\/li>\n<li dir=\"auto\"><span style=\"font-size: 1rem;\">Vlasnik, niti suvlasnik ne smije biti pravna osoba<\/span><\/li>\n<li dir=\"auto\"><span style=\"font-size: 1rem;\">Obiteljska ku\u0107a mora biti do 600 m2 bruto podne povr\u0161ine (BPP)<\/span><\/li>\n<li dir=\"auto\"><span style=\"font-size: 1rem;\">Najmanje 50% BPP obiteljske ku\u0107e mora biti namijenjeno za stanovanje<\/span><\/li>\n<li dir=\"auto\"><span style=\"font-size: 1rem;\">Obiteljska ku\u0107a smije imati najvi\u0161e tri stambene jedinice<\/span><\/li>\n<li dir=\"auto\"><span style=\"font-size: 1rem;\">Energetski razred ku\u0107e (prema energetskom certifikatu, vrijednost QH,nd) mora biti D, ili ni\u017ei za kontinentalni dio Hrvatske, tj. C, ili ni\u017ei za primorski dio Hrvatske.<\/span><\/li>\n<li dir=\"auto\"><span style=\"font-size: 1rem;\">Obnovom se ne smije promijeniti neto gra\u0111evinska povr\u0161ina<\/span><\/li>\n<li dir=\"auto\"><span style=\"font-size: 1rem;\">Obiteljska ku\u0107a ne smije imati naru\u0161enu mehani\u010dku otpornost i stabilnost konstrukcijskih elemenata<\/span><\/li>\n<li dir=\"auto\"><span style=\"font-size: 1rem;\">Morate na vrijeme predati kompletnu i urednu dokumentaciju koja se tra\u017ei natje\u010dajem (tj. javnim pozivom).<\/span><\/li>\n<li dir=\"auto\"><span style=\"font-size: 1rem;\">Podnositelj zahtjeva mora biti fizi\u010dka osoba i ujedno vlasnik, ili suvlasnik<\/span><\/li>\n<\/ul>\n<div dir=\"auto\">Kontaktirajte nas na vrijeme, kako bi Vam unaprijed pripremili dokumentaciju za javni poziv. Imajte u vidu da je novim nacrtom za energetsku obnovu obiteljskih ku\u0107a 2021. predvi\u0111en javni poziv, a ne natje\u010daj (iako ga tako nazivamo u odre\u0111enim dijelovima teksta, kao udoma\u0107enu rije\u010d), a razlika je u tome \u0161to se u javnom pozivu prihva\u0107aju prvih X prijava koje zadovoljavaju uvjete poziva, dok se na natje\u010daju prihva\u0107aju sve uredne prijave u natje\u010dajem zadanom roku.<\/div>\n<div dir=\"auto\"><\/div>\n<div dir=\"auto\">Prijave na ovaj poziv vr\u0161e se preko online aplikacije po sistemu najbr\u017eeg prsta.<\/div>\n<\/div>\n<div class=\"kvgmc6g5 cxmmr5t8 oygrvhab hcukyx3x c1et5uql ii04i59q\"><\/div>\n<div class=\"o9v6fnle cxmmr5t8 oygrvhab hcukyx3x c1et5uql ii04i59q\">\n<div dir=\"auto\"><\/div>\n<div dir=\"auto\">\n<hr \/>\n<\/div>\n<\/div>\n<h1>IZRADA ENERGETSKIH PROJEKATA!!!<\/h1>\n<h2>Energetsko certificiranje<\/h2>\n<div>Energetski certifikat je potreban ako:<\/div>\n<div>&#8211; prodajete nekretninu (od 1.7.2013.)<\/div>\n<div>&#8211; dajete nekretninu u najam (od 1.1.2016.)<\/div>\n<div><\/div>\n<div>Obveza vlasnika nekretnine:<\/div>\n<div>&#8211; kod ogla\u0161avanja nekretnina u oglasu navesti energetski razred objekta<\/div>\n<div>&#8211; dati energetski certifikat na uvid potencijalnom kupcu<\/div>\n<div>&#8211; energetski certifikat prilo\u017eiti kao sastavni dio kupoprodajnog ugovora<\/div>\n<div><\/div>\n<div>Energetski certifikat mora imati:<\/div>\n<div><\/div>\n<div>&#8211; svaka zgrada ili njezina samostalna uporabna cjelina koja se gradi, prodaje, iznajmljuje, daje na leasing ili daje u zakup<\/div>\n<div><\/div>\n<div>&#8211; svaka zgrada javne namjene, ako ima ukupnu korisnu povr\u0161inu ve\u0107u od 500 m\u00b2<\/div>\n<div><\/div>\n<div>Za izradu energetskog certifikata nove zgrade potrebno je ovla\u0161tenoj osobi dostaviti:<\/div>\n<div>&#8211; glavni projekt<\/div>\n<div>&#8211; zavr\u0161no izvje\u0161\u0107e nadzornog in\u017einjera<\/div>\n<div>&#8211; pisanu izjavu izvo\u0111a\u010da o izvedenim radovima i uvjetima odr\u017eavanja gra\u0111evine<\/div>\n<div><\/div>\n<div>Za izradu energetskog certifikata postoje\u0107e zgrade ovla\u0161tena osoba mora provesti energetski pregled zgrade. Investitor ili vlasnik zgrade du\u0107an je ovla\u0161tenoj osobi omogu\u0107iti provo\u0111enje energetskog pregleda i osigurati sve podatke, tehni\u010dku dokumentaciju gra\u0111evine i drugu dokumentaciju, a osobito:<\/div>\n<div>&#8211; podatke o potro\u0161nji svih oblika energije i vode u gra\u0111evini za razdoblje od tri prethodne kalendarske godine (ra\u010duni od opskrbljiva\u010da ili na drugi na\u010din)<\/div>\n<div>&#8211; tehni\u010dku dokumentaciju gra\u0111evine i tehni\u010dku dokumentaciju opreme ugra\u0111ene u sustavima koji su predmet pregleda (gra\u0111evinski projekt, strojarski projekt, elektro projekt i dr.)<\/div>\n<div><\/div>\n<div>\n<p>Energetski certifikat nije potreban za:<\/p>\n<p>1. zgrade koje imaju uporabnu korisnu povr\u0161inu manju od 50 m\u00b2;<br \/>\n2. zgrade koje imaju predvi\u0111eni vijek uporabe ograni\u010den na dvije godine i manje;<br \/>\n3. privremene zgrade izgra\u0111ene u okviru pripremnih radova za potrebe organizacije gradili\u0161ta;<br \/>\n4. radionice, proizvodne hale, industrijske zgrade i druge gospodarske zgrade koje se, u skladu sa svojom namjenom, moraju dr\u017eati otvorenima vi\u0161e od polovice radnog vremena ako nemaju ugra\u0111ene zra\u010dne zavjese;<br \/>\n5. jednostavne gra\u0111evine utvr\u0111ene posebnim propisom;<br \/>\n6. postoje\u0107e zgrade ili njihove samostalne uporabne cjeline koje se prodaju ili se pravo vlasni\u0161tva prenosi u ste\u010dajnom postupku u slu\u010daju prisilne prodaje ili ovrhe;<br \/>\n7. postoje\u0107e zgrade ili njihove samostalne uporabne cjeline koje se prodaju ili iznajmljuju bra\u010dnom drugu ili \u010dlanovima u\u017ee obitelji;<br \/>\n8. zgrade koje se ne griju ili se griju na temperaturu do +12 \u00b0C osim hladnja\u010da<\/p>\n<\/div>\n<div><\/div>\n<div>\n<h2>IZRA\u0110UJEMO PROJEKTE ZA ENERGETSKU OBNOVU OBITELJSKIH KU\u0106A!!!<\/h2>\n<p>Program je fokusiran na unaprje\u0111enje energetskih svojstava postoje\u0107ih zgrada RH, a mjere se mogu grupirati u tri grupe:<\/p>\n<ul>\n<li>\n<p align=\"JUSTIFY\">poticanje obnove vanjske ovojnice<br \/>\n(pove\u0107anje toplinske za\u0161tite vanjske ovojnice, zamjena prozora),<\/p>\n<\/li>\n<li>\n<p align=\"JUSTIFY\">poticanje zamjene sustava grijanja<br \/>\n(zamjena postoje\u0107ih sustava grijanja koji koriste elektri\u010dnu energiju ili fosilna goriva novim sustavima s kondenzacijskim plinskim bojlerima) te<\/p>\n<\/li>\n<li>\n<p align=\"JUSTIFY\">poticanje kori\u0161tenja OIE<br \/>\n(ugradnja sun\u010danih toplinskih kolektora, ugradnja dizalica topline te ugradnja malih pe\u0107i na biomasu).<\/p>\n<\/li>\n<\/ul>\n<\/div>\n<div><\/div>\n<div><\/div>\n<div style=\"text-align: right;\"><strong>Obratite nam se sa povjerenjem.<\/strong><\/div>\n<div style=\"text-align: right;\"><\/div>\n<div>\n<div style=\"text-align: right;\">ovla\u0161teni certifikator<\/div>\n<div style=\"text-align: right;\"><strong>Leon Geli\u0107, bacc.ing.el.<\/strong><\/div>\n<\/div>\n<p>&nbsp;<\/p>\n","protected":false},"excerpt":{"rendered":"<p>Energetska obnova obiteljskih ku\u0107a Fond za za\u0161titu okoli\u0161a i energetsku u\u010dinkovitost je objavio uvjete i kriterije za sufinanciranje energetske obnove obiteljskih ku\u0107a 2024. godine, za koju je planirani bud\u017eet 120 milijuna eura, a poziv se planira objaviti najkasnije do konca velja\u010de 2024.\u00a0 Detaljnije na linku [ SUFINANCIRANE AKTIVNOSTI ] Uvjeti i kriteriji za energetsku obnovu [&hellip;]<\/p>\n","protected":false},"author":1,"featured_media":0,"parent":0,"menu_order":0,"comment_status":"closed","ping_status":"closed","template":"","meta":{"footnotes":""},"_links":{"self":[{"href":"https:\/\/energetski-certifikat-split.com.hr\/index.php?rest_route=\/wp\/v2\/pages\/19"}],"collection":[{"href":"https:\/\/energetski-certifikat-split.com.hr\/index.php?rest_route=\/wp\/v2\/pages"}],"about":[{"href":"https:\/\/energetski-certifikat-split.com.hr\/index.php?rest_route=\/wp\/v2\/types\/page"}],"author":[{"embeddable":true,"href":"https:\/\/energetski-certifikat-split.com.hr\/index.php?rest_route=\/wp\/v2\/users\/1"}],"replies":[{"embeddable":true,"href":"https:\/\/energetski-certifikat-split.com.hr\/index.php?rest_route=%2Fwp%2Fv2%2Fcomments&post=19"}],"version-history":[{"count":11,"href":"https:\/\/energetski-certifikat-split.com.hr\/index.php?rest_route=\/wp\/v2\/pages\/19\/revisions"}],"predecessor-version":[{"id":63,"href":"https:\/\/energetski-certifikat-split.com.hr\/index.php?rest_route=\/wp\/v2\/pages\/19\/revisions\/63"}],"wp:attachment":[{"href":"https:\/\/energetski-certifikat-split.com.hr\/index.php?rest_route=%2Fwp%2Fv2%2Fmedia&parent=19"}],"curies":[{"name":"wp","href":"https:\/\/api.w.org\/{rel}","templated":true}]}}